{"id":85,"date":"2020-01-13T11:08:58","date_gmt":"2020-01-13T11:08:58","guid":{"rendered":"https:\/\/demosites.io\/web-agency\/?page_id=5"},"modified":"2025-09-17T18:03:14","modified_gmt":"2025-09-17T23:03:14","slug":"300f0-web-agency-home","status":"publish","type":"page","link":"https:\/\/alizafirosolutions.com\/","title":{"rendered":"Home"},"content":{"rendered":"\t\t<div data-elementor-type=\"wp-page\" data-elementor-id=\"85\" class=\"elementor elementor-85\">\n\t\t\t\t\t\t<section class=\"elementor-section elementor-top-section elementor-element elementor-element-7641f2a elementor-section-height-min-height elementor-section-content-top elementor-section-boxed elementor-section-height-default elementor-section-items-middle\" data-id=\"7641f2a\" data-element_type=\"section\">\n\t\t\t\t\t\t<div class=\"elementor-container elementor-column-gap-no\">\n\t\t\t\t\t<div class=\"elementor-column elementor-col-100 elementor-top-column elementor-element elementor-element-39a5153\" data-id=\"39a5153\" data-element_type=\"column\">\n\t\t\t<div class=\"elementor-widget-wrap elementor-element-populated\">\n\t\t\t\t\t\t<div class=\"elementor-element elementor-element-fbf2376 elementor-hidden-desktop elementor-widget elementor-widget-wp-widget-nav_menu\" data-id=\"fbf2376\" data-element_type=\"widget\" data-widget_type=\"wp-widget-nav_menu.default\">\n\t\t\t\t<div class=\"elementor-widget-container\">\n\t\t\t\t\t<div class=\"menu-web-agency-main-menu-container\"><ul id=\"menu-web-agency-main-menu\" class=\"menu\"><li id=\"menu-item-91\" class=\"menu-item menu-item-type-post_type menu-item-object-page menu-item-home menu-item-91\"><a href=\"https:\/\/alizafirosolutions.com\/\">Inicio<\/a><\/li>\n<li id=\"menu-item-86\" class=\"menu-item menu-item-type-post_type menu-item-object-page menu-item-86\"><a href=\"https:\/\/alizafirosolutions.com\/?page_id=29\">Soluciones y Servicios<\/a><\/li>\n<li id=\"menu-item-87\" class=\"menu-item menu-item-type-post_type menu-item-object-page menu-item-87\"><a href=\"https:\/\/alizafirosolutions.com\/?page_id=28\">Nosotros<\/a><\/li>\n<li id=\"menu-item-88\" class=\"menu-item menu-item-type-post_type menu-item-object-page menu-item-88\"><a href=\"https:\/\/alizafirosolutions.com\/?page_id=31\">Contacto<\/a><\/li>\n<\/ul><\/div>\t\t\t\t<\/div>\n\t\t\t\t<\/div>\n\t\t\t\t\t<\/div>\n\t\t<\/div>\n\t\t\t\t\t<\/div>\n\t\t<\/section>\n\t\t\t\t<section class=\"elementor-section elementor-top-section elementor-element elementor-element-e5b3d98 elementor-section-full_width elementor-section-height-default elementor-section-height-default\" data-id=\"e5b3d98\" data-element_type=\"section\">\n\t\t\t\t\t\t<div class=\"elementor-container elementor-column-gap-default\">\n\t\t\t\t\t<div class=\"elementor-column elementor-col-100 elementor-top-column elementor-element elementor-element-f92fd8a\" data-id=\"f92fd8a\" data-element_type=\"column\">\n\t\t\t<div class=\"elementor-widget-wrap elementor-element-populated\">\n\t\t\t\t\t\t<div class=\"elementor-element elementor-element-e1065ff elementor-widget elementor-widget-image\" data-id=\"e1065ff\" data-element_type=\"widget\" data-widget_type=\"image.default\">\n\t\t\t\t<div class=\"elementor-widget-container\">\n\t\t\t\t\t\t\t\t\t\t\t\t\t\t\t<img fetchpriority=\"high\" decoding=\"async\" width=\"1024\" height=\"200\" src=\"https:\/\/alizafirosolutions.com\/wp-content\/uploads\/2025\/09\/homehome2-1024x200.jpg\" class=\"attachment-large size-large wp-image-553\" alt=\"\" srcset=\"https:\/\/alizafirosolutions.com\/wp-content\/uploads\/2025\/09\/homehome2-1024x200.jpg 1024w, https:\/\/alizafirosolutions.com\/wp-content\/uploads\/2025\/09\/homehome2-300x59.jpg 300w, https:\/\/alizafirosolutions.com\/wp-content\/uploads\/2025\/09\/homehome2-768x150.jpg 768w, https:\/\/alizafirosolutions.com\/wp-content\/uploads\/2025\/09\/homehome2.jpg 1280w\" sizes=\"(max-width: 1024px) 100vw, 1024px\" \/>\t\t\t\t\t\t\t\t\t\t\t\t\t\t\t<\/div>\n\t\t\t\t<\/div>\n\t\t\t\t\t<\/div>\n\t\t<\/div>\n\t\t\t\t\t<\/div>\n\t\t<\/section>\n\t\t\t\t<section class=\"elementor-section elementor-top-section elementor-element elementor-element-e3c031d elementor-section-full_width elementor-section-height-default elementor-section-height-default\" data-id=\"e3c031d\" data-element_type=\"section\">\n\t\t\t\t\t\t<div class=\"elementor-container elementor-column-gap-default\">\n\t\t\t\t\t<div class=\"elementor-column elementor-col-100 elementor-top-column elementor-element elementor-element-c4a6bca\" data-id=\"c4a6bca\" data-element_type=\"column\">\n\t\t\t<div class=\"elementor-widget-wrap elementor-element-populated\">\n\t\t\t\t\t\t<div class=\"elementor-element elementor-element-debb420 elementor-widget elementor-widget-text-editor\" data-id=\"debb420\" data-element_type=\"widget\" data-widget_type=\"text-editor.default\">\n\t\t\t\t<div class=\"elementor-widget-container\">\n\t\t\t\t\t\t\t\t\t<h2>Innovaci\u00f3n &amp; Transformaci\u00f3n Digital<\/h2><p>Soluciones que materializan las necesidades de su negocio.<\/p>\t\t\t\t\t\t\t\t<\/div>\n\t\t\t\t<\/div>\n\t\t\t\t\t<\/div>\n\t\t<\/div>\n\t\t\t\t\t<\/div>\n\t\t<\/section>\n\t\t\t\t<section class=\"elementor-section elementor-top-section elementor-element elementor-element-26d150a elementor-section-full_width elementor-section-height-default elementor-section-height-default\" data-id=\"26d150a\" data-element_type=\"section\">\n\t\t\t\t\t\t<div class=\"elementor-container elementor-column-gap-default\">\n\t\t\t\t\t<div class=\"elementor-column elementor-col-100 elementor-top-column elementor-element elementor-element-d02ceaa\" data-id=\"d02ceaa\" data-element_type=\"column\">\n\t\t\t<div class=\"elementor-widget-wrap elementor-element-populated\">\n\t\t\t\t\t\t<div class=\"elementor-element elementor-element-a0de720 elementor-arrows-position-inside elementor-pagination-position-outside elementor-widget elementor-widget-image-carousel\" data-id=\"a0de720\" data-element_type=\"widget\" data-settings=\"{&quot;autoplay_speed&quot;:3000,&quot;navigation&quot;:&quot;both&quot;,&quot;autoplay&quot;:&quot;yes&quot;,&quot;pause_on_hover&quot;:&quot;yes&quot;,&quot;pause_on_interaction&quot;:&quot;yes&quot;,&quot;infinite&quot;:&quot;yes&quot;,&quot;speed&quot;:500}\" data-widget_type=\"image-carousel.default\">\n\t\t\t\t<div class=\"elementor-widget-container\">\n\t\t\t\t\t\t\t<div class=\"elementor-image-carousel-wrapper swiper\" role=\"region\" aria-roledescription=\"carousel\" aria-label=\"Carrusel de im\u00e1genes\" dir=\"ltr\">\n\t\t\t<div class=\"elementor-image-carousel swiper-wrapper\" aria-live=\"off\">\n\t\t\t\t\t\t\t\t<div class=\"swiper-slide\" role=\"group\" aria-roledescription=\"slide\" aria-label=\"1 de 16\"><a data-elementor-open-lightbox=\"yes\" data-elementor-lightbox-slideshow=\"a0de720\" data-elementor-lightbox-title=\"ironsca\" data-e-action-hash=\"#elementor-action%3Aaction%3Dlightbox%26settings%3DeyJpZCI6NDUxLCJ1cmwiOiJodHRwczpcL1wvYWxpemFmaXJvc29sdXRpb25zLmNvbVwvd3AtY29udGVudFwvdXBsb2Fkc1wvMjAyNVwvMDlcL2lyb25zY2EucG5nIiwic2xpZGVzaG93IjoiYTBkZTcyMCJ9\" href=\"https:\/\/alizafirosolutions.com\/?page_id=29\"><figure class=\"swiper-slide-inner\"><img decoding=\"async\" class=\"swiper-slide-image\" src=\"https:\/\/alizafirosolutions.com\/wp-content\/uploads\/2025\/09\/ironsca-300x89.png\" alt=\"ironsca\" \/><\/figure><\/a><\/div><div class=\"swiper-slide\" role=\"group\" aria-roledescription=\"slide\" aria-label=\"2 de 16\"><a data-elementor-open-lightbox=\"yes\" data-elementor-lightbox-slideshow=\"a0de720\" data-elementor-lightbox-title=\"securitysc\" data-e-action-hash=\"#elementor-action%3Aaction%3Dlightbox%26settings%3DeyJpZCI6Mzk2LCJ1cmwiOiJodHRwczpcL1wvYWxpemFmaXJvc29sdXRpb25zLmNvbVwvd3AtY29udGVudFwvdXBsb2Fkc1wvMjAyNVwvMDZcL3NlY3VyaXR5c2MucG5nIiwic2xpZGVzaG93IjoiYTBkZTcyMCJ9\" href=\"https:\/\/alizafirosolutions.com\/?page_id=29\"><figure class=\"swiper-slide-inner\"><img decoding=\"async\" class=\"swiper-slide-image\" src=\"https:\/\/alizafirosolutions.com\/wp-content\/uploads\/2025\/06\/securitysc-300x49.png\" alt=\"securitysc\" \/><\/figure><\/a><\/div><div class=\"swiper-slide\" role=\"group\" aria-roledescription=\"slide\" aria-label=\"3 de 16\"><a data-elementor-open-lightbox=\"yes\" data-elementor-lightbox-slideshow=\"a0de720\" data-elementor-lightbox-title=\"sophos\" data-e-action-hash=\"#elementor-action%3Aaction%3Dlightbox%26settings%3DeyJpZCI6MzkyLCJ1cmwiOiJodHRwczpcL1wvYWxpemFmaXJvc29sdXRpb25zLmNvbVwvd3AtY29udGVudFwvdXBsb2Fkc1wvMjAyNVwvMDZcL3NvcGhvcy5wbmciLCJzbGlkZXNob3ciOiJhMGRlNzIwIn0%3D\" href=\"https:\/\/alizafirosolutions.com\/?page_id=29\"><figure class=\"swiper-slide-inner\"><img decoding=\"async\" class=\"swiper-slide-image\" src=\"https:\/\/alizafirosolutions.com\/wp-content\/uploads\/2025\/06\/sophos-300x188.png\" alt=\"sophos\" \/><\/figure><\/a><\/div><div class=\"swiper-slide\" role=\"group\" aria-roledescription=\"slide\" aria-label=\"4 de 16\"><a data-elementor-open-lightbox=\"yes\" data-elementor-lightbox-slideshow=\"a0de720\" data-elementor-lightbox-title=\"microsoft\" data-e-action-hash=\"#elementor-action%3Aaction%3Dlightbox%26settings%3DeyJpZCI6NDA0LCJ1cmwiOiJodHRwczpcL1wvYWxpemFmaXJvc29sdXRpb25zLmNvbVwvd3AtY29udGVudFwvdXBsb2Fkc1wvMjAyNVwvMDhcL21pY3Jvc29mdC5wbmciLCJzbGlkZXNob3ciOiJhMGRlNzIwIn0%3D\" href=\"https:\/\/alizafirosolutions.com\/?page_id=29\"><figure class=\"swiper-slide-inner\"><img decoding=\"async\" class=\"swiper-slide-image\" src=\"https:\/\/alizafirosolutions.com\/wp-content\/uploads\/2025\/08\/microsoft-300x71.png\" alt=\"microsoft\" \/><\/figure><\/a><\/div><div class=\"swiper-slide\" role=\"group\" aria-roledescription=\"slide\" aria-label=\"5 de 16\"><a data-elementor-open-lightbox=\"yes\" data-elementor-lightbox-slideshow=\"a0de720\" data-elementor-lightbox-title=\"adobe\" data-e-action-hash=\"#elementor-action%3Aaction%3Dlightbox%26settings%3DeyJpZCI6Mzk4LCJ1cmwiOiJodHRwczpcL1wvYWxpemFmaXJvc29sdXRpb25zLmNvbVwvd3AtY29udGVudFwvdXBsb2Fkc1wvMjAyNVwvMDZcL2Fkb2JlLnBuZyIsInNsaWRlc2hvdyI6ImEwZGU3MjAifQ%3D%3D\" href=\"https:\/\/alizafirosolutions.com\/?page_id=29\"><figure class=\"swiper-slide-inner\"><img decoding=\"async\" class=\"swiper-slide-image\" src=\"https:\/\/alizafirosolutions.com\/wp-content\/uploads\/2025\/06\/adobe-300x78.png\" alt=\"adobe\" \/><\/figure><\/a><\/div><div class=\"swiper-slide\" role=\"group\" aria-roledescription=\"slide\" aria-label=\"6 de 16\"><a data-elementor-open-lightbox=\"yes\" data-elementor-lightbox-slideshow=\"a0de720\" data-elementor-lightbox-title=\"hp\" data-e-action-hash=\"#elementor-action%3Aaction%3Dlightbox%26settings%3DeyJpZCI6Mzg5LCJ1cmwiOiJodHRwczpcL1wvYWxpemFmaXJvc29sdXRpb25zLmNvbVwvd3AtY29udGVudFwvdXBsb2Fkc1wvMjAyNVwvMDZcL2hwLnBuZyIsInNsaWRlc2hvdyI6ImEwZGU3MjAifQ%3D%3D\" href=\"https:\/\/alizafirosolutions.com\/?page_id=29\"><figure class=\"swiper-slide-inner\"><img decoding=\"async\" class=\"swiper-slide-image\" src=\"https:\/\/alizafirosolutions.com\/wp-content\/uploads\/2025\/06\/hp.png\" alt=\"hp\" \/><\/figure><\/a><\/div><div class=\"swiper-slide\" role=\"group\" aria-roledescription=\"slide\" aria-label=\"7 de 16\"><a data-elementor-open-lightbox=\"yes\" data-elementor-lightbox-slideshow=\"a0de720\" data-elementor-lightbox-title=\"lenovo\" data-e-action-hash=\"#elementor-action%3Aaction%3Dlightbox%26settings%3DeyJpZCI6MzkwLCJ1cmwiOiJodHRwczpcL1wvYWxpemFmaXJvc29sdXRpb25zLmNvbVwvd3AtY29udGVudFwvdXBsb2Fkc1wvMjAyNVwvMDZcL2xlbm92by5wbmciLCJzbGlkZXNob3ciOiJhMGRlNzIwIn0%3D\" href=\"https:\/\/alizafirosolutions.com\/?page_id=29\"><figure class=\"swiper-slide-inner\"><img decoding=\"async\" class=\"swiper-slide-image\" src=\"https:\/\/alizafirosolutions.com\/wp-content\/uploads\/2025\/06\/lenovo-300x99.png\" alt=\"lenovo\" \/><\/figure><\/a><\/div><div class=\"swiper-slide\" role=\"group\" aria-roledescription=\"slide\" aria-label=\"8 de 16\"><a data-elementor-open-lightbox=\"yes\" data-elementor-lightbox-slideshow=\"a0de720\" data-elementor-lightbox-title=\"logitech\" data-e-action-hash=\"#elementor-action%3Aaction%3Dlightbox%26settings%3DeyJpZCI6MzkzLCJ1cmwiOiJodHRwczpcL1wvYWxpemFmaXJvc29sdXRpb25zLmNvbVwvd3AtY29udGVudFwvdXBsb2Fkc1wvMjAyNVwvMDZcL2xvZ2l0ZWNoLnBuZyIsInNsaWRlc2hvdyI6ImEwZGU3MjAifQ%3D%3D\" href=\"https:\/\/alizafirosolutions.com\/?page_id=29\"><figure class=\"swiper-slide-inner\"><img decoding=\"async\" class=\"swiper-slide-image\" src=\"https:\/\/alizafirosolutions.com\/wp-content\/uploads\/2025\/06\/logitech.png\" alt=\"logitech\" \/><\/figure><\/a><\/div><div class=\"swiper-slide\" role=\"group\" aria-roledescription=\"slide\" aria-label=\"9 de 16\"><a data-elementor-open-lightbox=\"yes\" data-elementor-lightbox-slideshow=\"a0de720\" data-elementor-lightbox-title=\"samsung\" data-e-action-hash=\"#elementor-action%3Aaction%3Dlightbox%26settings%3DeyJpZCI6Mzk1LCJ1cmwiOiJodHRwczpcL1wvYWxpemFmaXJvc29sdXRpb25zLmNvbVwvd3AtY29udGVudFwvdXBsb2Fkc1wvMjAyNVwvMDZcL3NhbXN1bmcucG5nIiwic2xpZGVzaG93IjoiYTBkZTcyMCJ9\" href=\"https:\/\/alizafirosolutions.com\/?page_id=29\"><figure class=\"swiper-slide-inner\"><img decoding=\"async\" class=\"swiper-slide-image\" src=\"https:\/\/alizafirosolutions.com\/wp-content\/uploads\/2025\/06\/samsung-300x80.png\" alt=\"samsung\" \/><\/figure><\/a><\/div><div class=\"swiper-slide\" role=\"group\" aria-roledescription=\"slide\" aria-label=\"10 de 16\"><a data-elementor-open-lightbox=\"yes\" data-elementor-lightbox-slideshow=\"a0de720\" data-elementor-lightbox-title=\"google\" data-e-action-hash=\"#elementor-action%3Aaction%3Dlightbox%26settings%3DeyJpZCI6Mzg1LCJ1cmwiOiJodHRwczpcL1wvYWxpemFmaXJvc29sdXRpb25zLmNvbVwvd3AtY29udGVudFwvdXBsb2Fkc1wvMjAyNVwvMDZcL2dvb2dsZS5wbmciLCJzbGlkZXNob3ciOiJhMGRlNzIwIn0%3D\" href=\"https:\/\/alizafirosolutions.com\/?page_id=29\"><figure class=\"swiper-slide-inner\"><img decoding=\"async\" class=\"swiper-slide-image\" src=\"https:\/\/alizafirosolutions.com\/wp-content\/uploads\/2025\/06\/google.png\" alt=\"google\" \/><\/figure><\/a><\/div><div class=\"swiper-slide\" role=\"group\" aria-roledescription=\"slide\" aria-label=\"11 de 16\"><a data-elementor-open-lightbox=\"yes\" data-elementor-lightbox-slideshow=\"a0de720\" data-elementor-lightbox-title=\"amazon\" data-e-action-hash=\"#elementor-action%3Aaction%3Dlightbox%26settings%3DeyJpZCI6Mzg2LCJ1cmwiOiJodHRwczpcL1wvYWxpemFmaXJvc29sdXRpb25zLmNvbVwvd3AtY29udGVudFwvdXBsb2Fkc1wvMjAyNVwvMDZcL2FtYXpvbi5wbmciLCJzbGlkZXNob3ciOiJhMGRlNzIwIn0%3D\" href=\"https:\/\/alizafirosolutions.com\/?page_id=29\"><figure class=\"swiper-slide-inner\"><img decoding=\"async\" class=\"swiper-slide-image\" src=\"https:\/\/alizafirosolutions.com\/wp-content\/uploads\/2025\/06\/amazon.png\" alt=\"amazon\" \/><\/figure><\/a><\/div><div class=\"swiper-slide\" role=\"group\" aria-roledescription=\"slide\" aria-label=\"12 de 16\"><a data-elementor-open-lightbox=\"yes\" data-elementor-lightbox-slideshow=\"a0de720\" data-elementor-lightbox-title=\"zebra\" data-e-action-hash=\"#elementor-action%3Aaction%3Dlightbox%26settings%3DeyJpZCI6Mzg3LCJ1cmwiOiJodHRwczpcL1wvYWxpemFmaXJvc29sdXRpb25zLmNvbVwvd3AtY29udGVudFwvdXBsb2Fkc1wvMjAyNVwvMDZcL3plYnJhLnBuZyIsInNsaWRlc2hvdyI6ImEwZGU3MjAifQ%3D%3D\" href=\"https:\/\/alizafirosolutions.com\/?page_id=29\"><figure class=\"swiper-slide-inner\"><img decoding=\"async\" class=\"swiper-slide-image\" src=\"https:\/\/alizafirosolutions.com\/wp-content\/uploads\/2025\/06\/zebra-300x100.png\" alt=\"zebra\" \/><\/figure><\/a><\/div><div class=\"swiper-slide\" role=\"group\" aria-roledescription=\"slide\" aria-label=\"13 de 16\"><a data-elementor-open-lightbox=\"yes\" data-elementor-lightbox-slideshow=\"a0de720\" data-elementor-lightbox-title=\"dell\" data-e-action-hash=\"#elementor-action%3Aaction%3Dlightbox%26settings%3DeyJpZCI6Mzg4LCJ1cmwiOiJodHRwczpcL1wvYWxpemFmaXJvc29sdXRpb25zLmNvbVwvd3AtY29udGVudFwvdXBsb2Fkc1wvMjAyNVwvMDZcL2RlbGwucG5nIiwic2xpZGVzaG93IjoiYTBkZTcyMCJ9\" href=\"https:\/\/alizafirosolutions.com\/?page_id=29\"><figure class=\"swiper-slide-inner\"><img decoding=\"async\" class=\"swiper-slide-image\" src=\"https:\/\/alizafirosolutions.com\/wp-content\/uploads\/2025\/06\/dell-300x90.png\" alt=\"dell\" \/><\/figure><\/a><\/div><div class=\"swiper-slide\" role=\"group\" aria-roledescription=\"slide\" aria-label=\"14 de 16\"><a data-elementor-open-lightbox=\"yes\" data-elementor-lightbox-slideshow=\"a0de720\" data-elementor-lightbox-title=\"asus\" data-e-action-hash=\"#elementor-action%3Aaction%3Dlightbox%26settings%3DeyJpZCI6MzkxLCJ1cmwiOiJodHRwczpcL1wvYWxpemFmaXJvc29sdXRpb25zLmNvbVwvd3AtY29udGVudFwvdXBsb2Fkc1wvMjAyNVwvMDZcL2FzdXMucG5nIiwic2xpZGVzaG93IjoiYTBkZTcyMCJ9\" href=\"https:\/\/alizafirosolutions.com\/?page_id=29\"><figure class=\"swiper-slide-inner\"><img decoding=\"async\" class=\"swiper-slide-image\" src=\"https:\/\/alizafirosolutions.com\/wp-content\/uploads\/2025\/06\/asus-300x63.png\" alt=\"asus\" \/><\/figure><\/a><\/div><div class=\"swiper-slide\" role=\"group\" aria-roledescription=\"slide\" aria-label=\"15 de 16\"><a data-elementor-open-lightbox=\"yes\" data-elementor-lightbox-slideshow=\"a0de720\" data-elementor-lightbox-title=\"urovo\" data-e-action-hash=\"#elementor-action%3Aaction%3Dlightbox%26settings%3DeyJpZCI6Mzk0LCJ1cmwiOiJodHRwczpcL1wvYWxpemFmaXJvc29sdXRpb25zLmNvbVwvd3AtY29udGVudFwvdXBsb2Fkc1wvMjAyNVwvMDZcL3Vyb3ZvLnBuZyIsInNsaWRlc2hvdyI6ImEwZGU3MjAifQ%3D%3D\" href=\"https:\/\/alizafirosolutions.com\/?page_id=29\"><figure class=\"swiper-slide-inner\"><img decoding=\"async\" class=\"swiper-slide-image\" src=\"https:\/\/alizafirosolutions.com\/wp-content\/uploads\/2025\/06\/urovo-300x68.png\" alt=\"urovo\" \/><\/figure><\/a><\/div><div class=\"swiper-slide\" role=\"group\" aria-roledescription=\"slide\" aria-label=\"16 de 16\"><a data-elementor-open-lightbox=\"yes\" data-elementor-lightbox-slideshow=\"a0de720\" data-elementor-lightbox-title=\"ibm\" data-e-action-hash=\"#elementor-action%3Aaction%3Dlightbox%26settings%3DeyJpZCI6Mzk3LCJ1cmwiOiJodHRwczpcL1wvYWxpemFmaXJvc29sdXRpb25zLmNvbVwvd3AtY29udGVudFwvdXBsb2Fkc1wvMjAyNVwvMDZcL2libS5wbmciLCJzbGlkZXNob3ciOiJhMGRlNzIwIn0%3D\" href=\"https:\/\/alizafirosolutions.com\/?page_id=29\"><figure class=\"swiper-slide-inner\"><img decoding=\"async\" class=\"swiper-slide-image\" src=\"https:\/\/alizafirosolutions.com\/wp-content\/uploads\/2025\/06\/ibm.png\" alt=\"ibm\" \/><\/figure><\/a><\/div>\t\t\t<\/div>\n\t\t\t\t\t\t\t\t\t\t\t\t<div class=\"elementor-swiper-button elementor-swiper-button-prev\" role=\"button\" tabindex=\"0\">\n\t\t\t\t\t\t<i aria-hidden=\"true\" class=\"eicon-chevron-left\"><\/i>\t\t\t\t\t<\/div>\n\t\t\t\t\t<div class=\"elementor-swiper-button elementor-swiper-button-next\" role=\"button\" tabindex=\"0\">\n\t\t\t\t\t\t<i aria-hidden=\"true\" class=\"eicon-chevron-right\"><\/i>\t\t\t\t\t<\/div>\n\t\t\t\t\n\t\t\t\t\t\t\t\t\t<div class=\"swiper-pagination\"><\/div>\n\t\t\t\t\t\t\t\t\t<\/div>\n\t\t\t\t\t\t<\/div>\n\t\t\t\t<\/div>\n\t\t\t\t\t<\/div>\n\t\t<\/div>\n\t\t\t\t\t<\/div>\n\t\t<\/section>\n\t\t\t\t<section class=\"elementor-section elementor-top-section elementor-element elementor-element-fc35bd9 elementor-section-boxed elementor-section-height-default elementor-section-height-default\" data-id=\"fc35bd9\" data-element_type=\"section\">\n\t\t\t\t\t\t<div class=\"elementor-container elementor-column-gap-default\">\n\t\t\t\t\t<div class=\"elementor-column elementor-col-33 elementor-top-column elementor-element elementor-element-38c1700\" data-id=\"38c1700\" data-element_type=\"column\">\n\t\t\t<div class=\"elementor-widget-wrap elementor-element-populated\">\n\t\t\t\t\t\t<div class=\"elementor-element elementor-element-1a528dc elementor-view-stacked elementor-shape-circle elementor-position-top elementor-mobile-position-top elementor-widget elementor-widget-icon-box\" data-id=\"1a528dc\" data-element_type=\"widget\" data-widget_type=\"icon-box.default\">\n\t\t\t\t<div class=\"elementor-widget-container\">\n\t\t\t\t\t\t\t<div class=\"elementor-icon-box-wrapper\">\n\n\t\t\t\t\t\t<div class=\"elementor-icon-box-icon\">\n\t\t\t\t<span  class=\"elementor-icon\">\n\t\t\t\t<i aria-hidden=\"true\" class=\"fas fa-check\"><\/i>\t\t\t\t<\/span>\n\t\t\t<\/div>\n\t\t\t\n\t\t\t\t\t\t<div class=\"elementor-icon-box-content\">\n\n\t\t\t\t\t\t\t\t\t<h3 class=\"elementor-icon-box-title\">\n\t\t\t\t\t\t<span  >\n\t\t\t\t\t\t\tExperiencia\t\t\t\t\t\t<\/span>\n\t\t\t\t\t<\/h3>\n\t\t\t\t\n\t\t\t\t\t\t\t\t\t<p class=\"elementor-icon-box-description\">\n\t\t\t\t\t\tNuestro insumo m\u00e1s importante.\t\t\t\t\t<\/p>\n\t\t\t\t\n\t\t\t<\/div>\n\t\t\t\n\t\t<\/div>\n\t\t\t\t\t\t<\/div>\n\t\t\t\t<\/div>\n\t\t\t\t\t<\/div>\n\t\t<\/div>\n\t\t\t\t<div class=\"elementor-column elementor-col-33 elementor-top-column elementor-element elementor-element-34d5b3a\" data-id=\"34d5b3a\" data-element_type=\"column\">\n\t\t\t<div class=\"elementor-widget-wrap elementor-element-populated\">\n\t\t\t\t\t\t<div class=\"elementor-element elementor-element-b94c6a8 elementor-view-stacked elementor-shape-circle elementor-position-top elementor-mobile-position-top elementor-widget elementor-widget-icon-box\" data-id=\"b94c6a8\" data-element_type=\"widget\" data-widget_type=\"icon-box.default\">\n\t\t\t\t<div class=\"elementor-widget-container\">\n\t\t\t\t\t\t\t<div class=\"elementor-icon-box-wrapper\">\n\n\t\t\t\t\t\t<div class=\"elementor-icon-box-icon\">\n\t\t\t\t<span  class=\"elementor-icon\">\n\t\t\t\t<i aria-hidden=\"true\" class=\"fas fa-check\"><\/i>\t\t\t\t<\/span>\n\t\t\t<\/div>\n\t\t\t\n\t\t\t\t\t\t<div class=\"elementor-icon-box-content\">\n\n\t\t\t\t\t\t\t\t\t<h3 class=\"elementor-icon-box-title\">\n\t\t\t\t\t\t<span  >\n\t\t\t\t\t\t\tSoluciones\t\t\t\t\t\t<\/span>\n\t\t\t\t\t<\/h3>\n\t\t\t\t\n\t\t\t\t\t\t\t\t\t<p class=\"elementor-icon-box-description\">\n\t\t\t\t\t\t\u00c1giles y orientados a resultados.\t\t\t\t\t<\/p>\n\t\t\t\t\n\t\t\t<\/div>\n\t\t\t\n\t\t<\/div>\n\t\t\t\t\t\t<\/div>\n\t\t\t\t<\/div>\n\t\t\t\t\t<\/div>\n\t\t<\/div>\n\t\t\t\t<div class=\"elementor-column elementor-col-33 elementor-top-column elementor-element elementor-element-915231d\" data-id=\"915231d\" data-element_type=\"column\">\n\t\t\t<div class=\"elementor-widget-wrap elementor-element-populated\">\n\t\t\t\t\t\t<div class=\"elementor-element elementor-element-834d601 elementor-view-stacked elementor-shape-circle elementor-position-top elementor-mobile-position-top elementor-widget elementor-widget-icon-box\" data-id=\"834d601\" data-element_type=\"widget\" data-widget_type=\"icon-box.default\">\n\t\t\t\t<div class=\"elementor-widget-container\">\n\t\t\t\t\t\t\t<div class=\"elementor-icon-box-wrapper\">\n\n\t\t\t\t\t\t<div class=\"elementor-icon-box-icon\">\n\t\t\t\t<span  class=\"elementor-icon\">\n\t\t\t\t<i aria-hidden=\"true\" class=\"fas fa-check\"><\/i>\t\t\t\t<\/span>\n\t\t\t<\/div>\n\t\t\t\n\t\t\t\t\t\t<div class=\"elementor-icon-box-content\">\n\n\t\t\t\t\t\t\t\t\t<h3 class=\"elementor-icon-box-title\">\n\t\t\t\t\t\t<span  >\n\t\t\t\t\t\t\tSoporte\t\t\t\t\t\t<\/span>\n\t\t\t\t\t<\/h3>\n\t\t\t\t\n\t\t\t\t\t\t\t\t\t<p class=\"elementor-icon-box-description\">\n\t\t\t\t\t\tDe principio a fin\t\t\t\t\t<\/p>\n\t\t\t\t\n\t\t\t<\/div>\n\t\t\t\n\t\t<\/div>\n\t\t\t\t\t\t<\/div>\n\t\t\t\t<\/div>\n\t\t\t\t\t<\/div>\n\t\t<\/div>\n\t\t\t\t\t<\/div>\n\t\t<\/section>\n\t\t\t\t<section class=\"elementor-section elementor-top-section elementor-element elementor-element-f17e4dc elementor-section-full_width elementor-section-height-default elementor-section-height-default\" data-id=\"f17e4dc\" data-element_type=\"section\">\n\t\t\t\t\t\t<div class=\"elementor-container elementor-column-gap-default\">\n\t\t\t\t\t<div class=\"elementor-column elementor-col-100 elementor-top-column elementor-element elementor-element-fdf70b8\" data-id=\"fdf70b8\" data-element_type=\"column\">\n\t\t\t<div class=\"elementor-widget-wrap elementor-element-populated\">\n\t\t\t\t\t\t<div class=\"elementor-element elementor-element-3b6ad26 elementor-widget elementor-widget-text-editor\" data-id=\"3b6ad26\" data-element_type=\"widget\" data-widget_type=\"text-editor.default\">\n\t\t\t\t<div class=\"elementor-widget-container\">\n\t\t\t\t\t\t\t\t\t<p style=\"text-align: center;\"><a href=\"https:\/\/alizafirosolutions.com\/wp-content\/uploads\/2025\/06\/POLITICA_DE_TRATAMIENTO-PROTECCION_DE_DATOS-PERSONALES.pdf\" target=\"_blank\" rel=\"noopener\"><strong>Pol\u00edtica de tratamiento y protecci\u00f3n de datos personales.<\/strong><\/a><\/p>\t\t\t\t\t\t\t\t<\/div>\n\t\t\t\t<\/div>\n\t\t\t\t\t<\/div>\n\t\t<\/div>\n\t\t\t\t\t<\/div>\n\t\t<\/section>\n\t\t\t\t<\/div>\n\t\t","protected":false},"excerpt":{"rendered":"<p>Innovaci\u00f3n &amp; Transformaci\u00f3n Digital Soluciones que materializan las necesidades de su negocio. Anterior Siguiente Experiencia Nuestro insumo m\u00e1s importante. Soluciones \u00c1giles y orientados a resultados. Soporte De principio a fin Pol\u00edtica de tratamiento y protecci\u00f3n de datos personales.<\/p>\n","protected":false},"author":1,"featured_media":0,"parent":0,"menu_order":0,"comment_status":"closed","ping_status":"closed","template":"elementor_header_footer","meta":{"neve_meta_sidebar":"full-width","neve_meta_container":"","neve_meta_enable_content_width":"on","neve_meta_content_width":100,"neve_meta_title_alignment":"","neve_meta_author_avatar":"","neve_post_elements_order":"","neve_meta_disable_header":"","neve_meta_disable_footer":"","neve_meta_disable_title":"","neve_meta_reading_time":"","footnotes":""},"class_list":["post-85","page","type-page","status-publish","hentry"],"_links":{"self":[{"href":"https:\/\/alizafirosolutions.com\/index.php?rest_route=\/wp\/v2\/pages\/85","targetHints":{"allow":["GET"]}}],"collection":[{"href":"https:\/\/alizafirosolutions.com\/index.php?rest_route=\/wp\/v2\/pages"}],"about":[{"href":"https:\/\/alizafirosolutions.com\/index.php?rest_route=\/wp\/v2\/types\/page"}],"author":[{"embeddable":true,"href":"https:\/\/alizafirosolutions.com\/index.php?rest_route=\/wp\/v2\/users\/1"}],"replies":[{"embeddable":true,"href":"https:\/\/alizafirosolutions.com\/index.php?rest_route=%2Fwp%2Fv2%2Fcomments&post=85"}],"version-history":[{"count":150,"href":"https:\/\/alizafirosolutions.com\/index.php?rest_route=\/wp\/v2\/pages\/85\/revisions"}],"predecessor-version":[{"id":559,"href":"https:\/\/alizafirosolutions.com\/index.php?rest_route=\/wp\/v2\/pages\/85\/revisions\/559"}],"wp:attachment":[{"href":"https:\/\/alizafirosolutions.com\/index.php?rest_route=%2Fwp%2Fv2%2Fmedia&parent=85"}],"curies":[{"name":"wp","href":"https:\/\/api.w.org\/{rel}","templated":true}]}}