{"id":28,"date":"2020-01-17T15:26:04","date_gmt":"2020-01-17T15:26:04","guid":{"rendered":"https:\/\/demosites.io\/web-agency\/?page_id=28"},"modified":"2025-09-17T20:25:59","modified_gmt":"2025-09-18T01:25:59","slug":"300f0-web-agency-about","status":"publish","type":"page","link":"https:\/\/alizafirosolutions.com\/?page_id=28","title":{"rendered":"Nosotros"},"content":{"rendered":"\t\t<div data-elementor-type=\"wp-page\" data-elementor-id=\"28\" class=\"elementor elementor-28\">\n\t\t\t\t\t\t<section class=\"elementor-section elementor-top-section elementor-element elementor-element-78c3e50 elementor-section-boxed elementor-section-height-default elementor-section-height-default\" data-id=\"78c3e50\" data-element_type=\"section\">\n\t\t\t\t\t\t<div class=\"elementor-container elementor-column-gap-default\">\n\t\t\t\t\t<div class=\"elementor-column elementor-col-100 elementor-top-column elementor-element elementor-element-0fcd65d\" data-id=\"0fcd65d\" data-element_type=\"column\">\n\t\t\t<div class=\"elementor-widget-wrap elementor-element-populated\">\n\t\t\t\t\t\t<div class=\"elementor-element elementor-element-ed72a8b elementor-widget elementor-widget-heading\" data-id=\"ed72a8b\" data-element_type=\"widget\" data-widget_type=\"heading.default\">\n\t\t\t\t<div class=\"elementor-widget-container\">\n\t\t\t\t\t<h2 class=\"elementor-heading-title elementor-size-default\">\u00bfQuienes Somos?<\/h2>\t\t\t\t<\/div>\n\t\t\t\t<\/div>\n\t\t\t\t\t<\/div>\n\t\t<\/div>\n\t\t\t\t\t<\/div>\n\t\t<\/section>\n\t\t\t\t<section class=\"elementor-section elementor-top-section elementor-element elementor-element-fecee3c elementor-section-boxed elementor-section-height-default elementor-section-height-default\" data-id=\"fecee3c\" data-element_type=\"section\">\n\t\t\t\t\t\t<div class=\"elementor-container elementor-column-gap-default\">\n\t\t\t\t\t<div class=\"elementor-column elementor-col-50 elementor-top-column elementor-element elementor-element-561746d\" data-id=\"561746d\" data-element_type=\"column\">\n\t\t\t<div class=\"elementor-widget-wrap elementor-element-populated\">\n\t\t\t\t\t\t<div class=\"elementor-element elementor-element-9d3c44a elementor-widget elementor-widget-text-editor\" data-id=\"9d3c44a\" data-element_type=\"widget\" data-widget_type=\"text-editor.default\">\n\t\t\t\t<div class=\"elementor-widget-container\">\n\t\t\t\t\t\t\t\t\t<p style=\"text-align: justify;\">Alizafiro Solutions es una empresa joven y din\u00e1mica, creada por tres amigos, colegas y amantes de la tecnolog\u00eda, con m\u00e1s de veinte a\u00f1os de experiencia, quienes decidieron emprender, y construir pa\u00eds con el fin de inspirar a otros, al ofrecerles alternativas y soluciones integrales en la nube, asociadas con la transformaci\u00f3n digital, que rompan barreras, activen sue\u00f1os, faciliten los procesos, garanticen logros y habiliten la innovaci\u00f3n.<\/p><p style=\"text-align: justify;\">Como empresa queremos brindar soluciones robustas, alineadas con las necesidades de los negocios de nuestros clientes generando valor, dejando volar la creatividad para ser relevantes y trascender en el tiempo como una compa\u00f1\u00eda exitosa.<\/p><p style=\"text-align: justify;\">El nombre de la empresa est\u00e1 inspirado en el Colibr\u00ed Ala de Zafiro, uno de los colibr\u00edes m\u00e1s grandes y m\u00e1s bellos que existen, con colores sorprendente que var\u00edan desde un verde a un azul brillante. Esta hermosa ave habita en Colombia y otros pa\u00edses de Suram\u00e9rica en montes h\u00famedos y ribere\u00f1os. De todas las aves escogimos el Colibr\u00ed, el cual se caracteriza por su fuerza, belleza y magia.<\/p>\t\t\t\t\t\t\t\t<\/div>\n\t\t\t\t<\/div>\n\t\t\t\t\t<\/div>\n\t\t<\/div>\n\t\t\t\t<div class=\"elementor-column elementor-col-50 elementor-top-column elementor-element elementor-element-c1c4767\" data-id=\"c1c4767\" data-element_type=\"column\">\n\t\t\t<div class=\"elementor-widget-wrap elementor-element-populated\">\n\t\t\t\t\t\t<div class=\"elementor-element elementor-element-3c3b310 elementor-widget elementor-widget-image\" data-id=\"3c3b310\" data-element_type=\"widget\" data-widget_type=\"image.default\">\n\t\t\t\t<div class=\"elementor-widget-container\">\n\t\t\t\t\t\t\t\t\t\t\t\t\t\t\t<img fetchpriority=\"high\" decoding=\"async\" width=\"754\" height=\"700\" src=\"https:\/\/alizafirosolutions.com\/wp-content\/uploads\/2025\/09\/nosotros.jpg\" class=\"attachment-medium_large size-medium_large wp-image-568\" alt=\"\" srcset=\"https:\/\/alizafirosolutions.com\/wp-content\/uploads\/2025\/09\/nosotros.jpg 754w, https:\/\/alizafirosolutions.com\/wp-content\/uploads\/2025\/09\/nosotros-300x279.jpg 300w\" sizes=\"(max-width: 754px) 100vw, 754px\" \/>\t\t\t\t\t\t\t\t\t\t\t\t\t\t\t<\/div>\n\t\t\t\t<\/div>\n\t\t\t\t\t<\/div>\n\t\t<\/div>\n\t\t\t\t\t<\/div>\n\t\t<\/section>\n\t\t\t\t<section class=\"elementor-section elementor-top-section elementor-element elementor-element-1b04dc7 elementor-section-boxed elementor-section-height-default elementor-section-height-default\" data-id=\"1b04dc7\" data-element_type=\"section\">\n\t\t\t\t\t\t<div class=\"elementor-container elementor-column-gap-default\">\n\t\t\t\t\t<div class=\"elementor-column elementor-col-50 elementor-top-column elementor-element elementor-element-b3e2c53\" data-id=\"b3e2c53\" data-element_type=\"column\">\n\t\t\t<div class=\"elementor-widget-wrap elementor-element-populated\">\n\t\t\t\t\t\t<div class=\"elementor-element elementor-element-2b0297f elementor-position-left elementor-view-default elementor-mobile-position-top elementor-widget elementor-widget-icon-box\" data-id=\"2b0297f\" data-element_type=\"widget\" data-widget_type=\"icon-box.default\">\n\t\t\t\t<div class=\"elementor-widget-container\">\n\t\t\t\t\t\t\t<div class=\"elementor-icon-box-wrapper\">\n\n\t\t\t\t\t\t<div class=\"elementor-icon-box-icon\">\n\t\t\t\t<span  class=\"elementor-icon\">\n\t\t\t\t<i aria-hidden=\"true\" class=\"fas fa-check\"><\/i>\t\t\t\t<\/span>\n\t\t\t<\/div>\n\t\t\t\n\t\t\t\t\t\t<div class=\"elementor-icon-box-content\">\n\n\t\t\t\t\t\t\t\t\t<h3 class=\"elementor-icon-box-title\">\n\t\t\t\t\t\t<span  >\n\t\t\t\t\t\t\tEficiencia\t\t\t\t\t\t<\/span>\n\t\t\t\t\t<\/h3>\n\t\t\t\t\n\t\t\t\t\t\t\t\t\t<p class=\"elementor-icon-box-description\">\n\t\t\t\t\t\tNuestras soluciones son costo \u2013 eficientes al basarse en la necesidades actuales y futuras de su negocio. Logramos resultados porque buscamos impactar los objetivos e indicadores estrat\u00e9gicos. Nos adaptamos a su cultura organizacional, por esto garantizamos capacitaci\u00f3n de los equipos humanos porque entendemos que son las personas quienes ejecutan los proyectos. Colocamos a sus clientes en el centro, porque sabemos que son la raz\u00f3n de ser de su empresa\t\t\t\t\t<\/p>\n\t\t\t\t\n\t\t\t<\/div>\n\t\t\t\n\t\t<\/div>\n\t\t\t\t\t\t<\/div>\n\t\t\t\t<\/div>\n\t\t\t\t\t<\/div>\n\t\t<\/div>\n\t\t\t\t<div class=\"elementor-column elementor-col-50 elementor-top-column elementor-element elementor-element-8a1eb74\" data-id=\"8a1eb74\" data-element_type=\"column\">\n\t\t\t<div class=\"elementor-widget-wrap elementor-element-populated\">\n\t\t\t\t\t\t<div class=\"elementor-element elementor-element-ca4a947 elementor-position-left elementor-view-default elementor-mobile-position-top elementor-widget elementor-widget-icon-box\" data-id=\"ca4a947\" data-element_type=\"widget\" data-widget_type=\"icon-box.default\">\n\t\t\t\t<div class=\"elementor-widget-container\">\n\t\t\t\t\t\t\t<div class=\"elementor-icon-box-wrapper\">\n\n\t\t\t\t\t\t<div class=\"elementor-icon-box-icon\">\n\t\t\t\t<span  class=\"elementor-icon\">\n\t\t\t\t<i aria-hidden=\"true\" class=\"fas fa-check\"><\/i>\t\t\t\t<\/span>\n\t\t\t<\/div>\n\t\t\t\n\t\t\t\t\t\t<div class=\"elementor-icon-box-content\">\n\n\t\t\t\t\t\t\t\t\t<h3 class=\"elementor-icon-box-title\">\n\t\t\t\t\t\t<span  >\n\t\t\t\t\t\t\tCompromiso\t\t\t\t\t\t<\/span>\n\t\t\t\t\t<\/h3>\n\t\t\t\t\n\t\t\t\t\t\t\t\t\t<p class=\"elementor-icon-box-description\">\n\t\t\t\t\t\t\nEl compromiso con nuestros clientes es nuestro sello y diferenciador. Nos inspiramos en su estrategia de negocio, entendemos sus retos actuales y futuros, los hacemos nuestros, para ofrecer soluciones eficaces, que ayudan a cumplir sus iniciativas y proyectos del negocio.\n\t\t\t\t\t<\/p>\n\t\t\t\t\n\t\t\t<\/div>\n\t\t\t\n\t\t<\/div>\n\t\t\t\t\t\t<\/div>\n\t\t\t\t<\/div>\n\t\t\t\t\t<\/div>\n\t\t<\/div>\n\t\t\t\t\t<\/div>\n\t\t<\/section>\n\t\t\t\t<section class=\"elementor-section elementor-top-section elementor-element elementor-element-16e8bc6 elementor-section-boxed elementor-section-height-default elementor-section-height-default\" data-id=\"16e8bc6\" data-element_type=\"section\">\n\t\t\t\t\t\t<div class=\"elementor-container elementor-column-gap-default\">\n\t\t\t\t\t<div class=\"elementor-column elementor-col-100 elementor-top-column elementor-element elementor-element-a832e8a\" data-id=\"a832e8a\" data-element_type=\"column\">\n\t\t\t<div class=\"elementor-widget-wrap elementor-element-populated\">\n\t\t\t\t\t\t<div class=\"elementor-element elementor-element-e9caaeb elementor-position-left elementor-view-default elementor-mobile-position-top elementor-widget elementor-widget-icon-box\" data-id=\"e9caaeb\" data-element_type=\"widget\" data-widget_type=\"icon-box.default\">\n\t\t\t\t<div class=\"elementor-widget-container\">\n\t\t\t\t\t\t\t<div class=\"elementor-icon-box-wrapper\">\n\n\t\t\t\t\t\t<div class=\"elementor-icon-box-icon\">\n\t\t\t\t<span  class=\"elementor-icon\">\n\t\t\t\t<i aria-hidden=\"true\" class=\"fas fa-check\"><\/i>\t\t\t\t<\/span>\n\t\t\t<\/div>\n\t\t\t\n\t\t\t\t\t\t<div class=\"elementor-icon-box-content\">\n\n\t\t\t\t\t\t\t\t\t<h3 class=\"elementor-icon-box-title\">\n\t\t\t\t\t\t<span  >\n\t\t\t\t\t\t\tCertificados\t\t\t\t\t\t<\/span>\n\t\t\t\t\t<\/h3>\n\t\t\t\t\n\t\t\t\t\t\t\t\t\t<p class=\"elementor-icon-box-description\">\n\t\t\t\t\t\tAdem\u00e1s de nuestra experiencia y reconocimiento que son la mejor certificaci\u00f3n, tenemos certificaciones en Scrum Master, Fundamentos en ITIL versi\u00f3n 2 y 3.\n\t\t\t\t\t<\/p>\n\t\t\t\t\n\t\t\t<\/div>\n\t\t\t\n\t\t<\/div>\n\t\t\t\t\t\t<\/div>\n\t\t\t\t<\/div>\n\t\t\t\t\t<\/div>\n\t\t<\/div>\n\t\t\t\t\t<\/div>\n\t\t<\/section>\n\t\t\t\t<\/div>\n\t\t","protected":false},"excerpt":{"rendered":"<p>\u00bfQuienes Somos? Alizafiro Solutions es una empresa joven y din\u00e1mica, creada por tres amigos, colegas y amantes de la tecnolog\u00eda, con m\u00e1s de veinte a\u00f1os de experiencia, quienes decidieron emprender, y construir pa\u00eds con el fin de inspirar a otros, al ofrecerles alternativas y soluciones integrales en la nube, asociadas con la transformaci\u00f3n digital, que&hellip;&nbsp;<a href=\"https:\/\/alizafirosolutions.com\/?page_id=28\" rel=\"bookmark\">Read More &raquo;<span class=\"screen-reader-text\">Nosotros<\/span><\/a><\/p>\n","protected":false},"author":1,"featured_media":0,"parent":0,"menu_order":0,"comment_status":"closed","ping_status":"closed","template":"elementor_header_footer","meta":{"neve_meta_sidebar":"full-width","neve_meta_container":"","neve_meta_enable_content_width":"on","neve_meta_content_width":100,"neve_meta_title_alignment":"","neve_meta_author_avatar":"","neve_post_elements_order":"","neve_meta_disable_header":"","neve_meta_disable_footer":"","neve_meta_disable_title":"","neve_meta_reading_time":"","footnotes":""},"class_list":["post-28","page","type-page","status-publish","hentry"],"_links":{"self":[{"href":"https:\/\/alizafirosolutions.com\/index.php?rest_route=\/wp\/v2\/pages\/28","targetHints":{"allow":["GET"]}}],"collection":[{"href":"https:\/\/alizafirosolutions.com\/index.php?rest_route=\/wp\/v2\/pages"}],"about":[{"href":"https:\/\/alizafirosolutions.com\/index.php?rest_route=\/wp\/v2\/types\/page"}],"author":[{"embeddable":true,"href":"https:\/\/alizafirosolutions.com\/index.php?rest_route=\/wp\/v2\/users\/1"}],"replies":[{"embeddable":true,"href":"https:\/\/alizafirosolutions.com\/index.php?rest_route=%2Fwp%2Fv2%2Fcomments&post=28"}],"version-history":[{"count":37,"href":"https:\/\/alizafirosolutions.com\/index.php?rest_route=\/wp\/v2\/pages\/28\/revisions"}],"predecessor-version":[{"id":577,"href":"https:\/\/alizafirosolutions.com\/index.php?rest_route=\/wp\/v2\/pages\/28\/revisions\/577"}],"wp:attachment":[{"href":"https:\/\/alizafirosolutions.com\/index.php?rest_route=%2Fwp%2Fv2%2Fmedia&parent=28"}],"curies":[{"name":"wp","href":"https:\/\/api.w.org\/{rel}","templated":true}]}}